{"id":382,"date":"2022-03-07T21:11:23","date_gmt":"2022-03-07T20:11:23","guid":{"rendered":"https:\/\/v-comp.ch.webhost.v-comp.ch\/?page_id=382"},"modified":"2023-03-26T17:12:14","modified_gmt":"2023-03-26T15:12:14","slug":"web-angebot","status":"publish","type":"page","link":"https:\/\/v-comp.hu.webhost.v-comp.ch\/?page_id=382&lang=de","title":{"rendered":"Web Angebot"},"content":{"rendered":"\n<div class=\"wp-block-columns is-layout-flex wp-container-core-columns-is-layout-9d6595d7 wp-block-columns-is-layout-flex\">\n<div class=\"wp-block-column is-layout-flow wp-block-column-is-layout-flow\" style=\"flex-basis:33.33%\">\n<figure class=\"wp-block-image size-full\"><img loading=\"lazy\" decoding=\"async\" width=\"400\" height=\"148\" src=\"https:\/\/v-comp.ch.webhost.v-comp.ch\/wp-content\/uploads\/2022\/03\/globalis.jpg\" alt=\"\" class=\"wp-image-197\" srcset=\"https:\/\/v-comp.hu.webhost.v-comp.ch\/wp-content\/uploads\/2022\/03\/globalis.jpg 400w, https:\/\/v-comp.hu.webhost.v-comp.ch\/wp-content\/uploads\/2022\/03\/globalis-300x111.jpg 300w\" sizes=\"auto, (max-width: 400px) 85vw, 400px\" \/><\/figure>\n<\/div>\n\n\n\n<div class=\"wp-block-column is-layout-flow wp-block-column-is-layout-flow\" style=\"flex-basis:66.66%\">\n<p class=\"has-text-align-justify\">In unserem Web Hosting Angebot werden die notwendigen Bedingungen f\u00fcr den Web Auftritt Bereit gestellt. Es wird die Registrierung von ungarischen und internationalen Domains und die dazugeh\u00f6renden Web und Email Hosting Dienstleistungen angeboten.<\/p>\n\n\n\n<p class=\"has-text-align-justify\">Die Web Dienstleistungen wurden in 3 Pakete gegliedert. Am Anfang kann man auf einfache statischen Seiten optimierten Paket w\u00e4hlen. Die weiteren Pakete bieten die M\u00f6glichkeit f\u00fcr Foren, Blogs mittels Datenbank im Hintergrund. Das gr\u00f6sste Paket zielt auf Sicherheit auch und beinhaltet eine t\u00e4gliche Sicherung der Datenbank und der Dateien im Web Verzeichnis.<\/p>\n\n\n\n<p class=\"has-text-align-justify\">Die Dienstleistungen beinhalten immer den Zugriff auf die Server LOGs. <\/p>\n\n\n\n<p class=\"has-text-align-justify\">Die f\u00fcr verschl\u00fcsselte Verbindung notwendigen Zertifikate werden ebenso zur Verf\u00fcgung gestellt und regelm\u00e4ssig,  automatisiert erneuert.<\/p>\n<\/div>\n<\/div>\n","protected":false},"excerpt":{"rendered":"<p>In unserem Web Hosting Angebot werden die notwendigen Bedingungen f\u00fcr den Web Auftritt Bereit gestellt. Es wird die Registrierung von ungarischen und internationalen Domains und die dazugeh\u00f6renden Web und Email Hosting Dienstleistungen angeboten. Die Web Dienstleistungen wurden in 3 Pakete gegliedert. Am Anfang kann man auf einfache statischen Seiten optimierten Paket w\u00e4hlen. Die weiteren Pakete &hellip; <a href=\"https:\/\/v-comp.hu.webhost.v-comp.ch\/?page_id=382&#038;lang=de\" class=\"more-link\">Continue reading<span class=\"screen-reader-text\"> &#8220;Web Angebot&#8221;<\/span><\/a><\/p>\n","protected":false},"author":1,"featured_media":0,"parent":0,"menu_order":0,"comment_status":"closed","ping_status":"closed","template":"","meta":{"_editorskit_title_hidden":false,"_editorskit_reading_time":0,"_editorskit_is_block_options_detached":false,"_editorskit_block_options_position":"{}","footnotes":""},"class_list":["post-382","page","type-page","status-publish","hentry"],"_links":{"self":[{"href":"https:\/\/v-comp.hu.webhost.v-comp.ch\/index.php?rest_route=\/wp\/v2\/pages\/382","targetHints":{"allow":["GET"]}}],"collection":[{"href":"https:\/\/v-comp.hu.webhost.v-comp.ch\/index.php?rest_route=\/wp\/v2\/pages"}],"about":[{"href":"https:\/\/v-comp.hu.webhost.v-comp.ch\/index.php?rest_route=\/wp\/v2\/types\/page"}],"author":[{"embeddable":true,"href":"https:\/\/v-comp.hu.webhost.v-comp.ch\/index.php?rest_route=\/wp\/v2\/users\/1"}],"replies":[{"embeddable":true,"href":"https:\/\/v-comp.hu.webhost.v-comp.ch\/index.php?rest_route=%2Fwp%2Fv2%2Fcomments&post=382"}],"version-history":[{"count":2,"href":"https:\/\/v-comp.hu.webhost.v-comp.ch\/index.php?rest_route=\/wp\/v2\/pages\/382\/revisions"}],"predecessor-version":[{"id":771,"href":"https:\/\/v-comp.hu.webhost.v-comp.ch\/index.php?rest_route=\/wp\/v2\/pages\/382\/revisions\/771"}],"wp:attachment":[{"href":"https:\/\/v-comp.hu.webhost.v-comp.ch\/index.php?rest_route=%2Fwp%2Fv2%2Fmedia&parent=382"}],"curies":[{"name":"wp","href":"https:\/\/api.w.org\/{rel}","templated":true}]}}