{"id":341,"date":"2022-03-07T20:33:00","date_gmt":"2022-03-07T19:33:00","guid":{"rendered":"https:\/\/v-comp.ch.webhost.v-comp.ch\/?page_id=341"},"modified":"2023-03-26T17:18:45","modified_gmt":"2023-03-26T15:18:45","slug":"uber-uns","status":"publish","type":"page","link":"https:\/\/v-comp.hu.webhost.v-comp.ch\/?page_id=341&lang=de","title":{"rendered":"Firmenprofil"},"content":{"rendered":"\n<div class=\"wp-block-columns is-layout-flex wp-container-core-columns-is-layout-9d6595d7 wp-block-columns-is-layout-flex\">\n<div class=\"wp-block-column is-layout-flow wp-block-column-is-layout-flow\" style=\"flex-basis:33.33%\">\n<figure class=\"wp-block-image size-full\"><img loading=\"lazy\" decoding=\"async\" width=\"305\" height=\"140\" src=\"https:\/\/v-comp.hu.webhost.v-comp.ch\/wp-content\/uploads\/2022\/03\/rolunk-hu.jpg\" alt=\"\" class=\"wp-image-50\" srcset=\"https:\/\/v-comp.hu.webhost.v-comp.ch\/wp-content\/uploads\/2022\/03\/rolunk-hu.jpg 305w, https:\/\/v-comp.hu.webhost.v-comp.ch\/wp-content\/uploads\/2022\/03\/rolunk-hu-300x138.jpg 300w\" sizes=\"auto, (max-width: 305px) 85vw, 305px\" \/><\/figure>\n<\/div>\n\n\n\n<div class=\"wp-block-column is-layout-flow wp-block-column-is-layout-flow\" style=\"flex-basis:66.66%\">\n<p class=\"has-text-align-justify\">Die Fa. V-Comp GmbH wurde 1993 mit dem Zweck gegr\u00fcndet, Informatik Dienstleistungen zu erbringen.<\/p>\n\n\n\n<h2 class=\"wp-block-heading\">ICT Beratung<\/h2>\n\n\n\n<p class=\"has-text-align-justify\">Unsere Kompetenz umfasst eine sehr breite Palette. Angefangen von Business Analyse \u00fcber Feasibility Study bis Architekturplanung, Implementierung und Projektmanagement k\u00f6nnen wir unsere Kunden in der Welt der ICT unterst\u00fctzen.<\/p>\n\n\n\n<h2 class=\"wp-block-heading\">Projektmanagement<\/h2>\n\n\n\n<p class=\"has-text-align-justify\">Die Auftraggeber m\u00fcssen &#8220;nur&#8221; die Projektentscheidung f\u00e4llen und wir stehen f\u00fcr die komplette Projektkette von Analyse, Machbarkeit, Architektur, Planung, Implementierung, Test und Inbetriebnahme bzw. sp\u00e4tere Wartung zur Verf\u00fcgung. Nat\u00fcrlich k\u00f6nnen wir nur in bestimmten Phasen auch Unterst\u00fctzung anbieten und die Aufgaben \u00fcbernehmen. Die Projekte k\u00f6nnen Vorort oder auch in Nearshore Kooperation durchgef\u00fchrt werden. Mit Hilfe der modernen Kommunikationstechnologien ist eine off-site Entwicklung problemlos m\u00f6glich: wir verf\u00fcgen \u00fcber die Technologie und das Wissen f\u00fcr den Aufbau der notwendigen gesicherten Kommunikationskan\u00e4le. Durch diese Massnahmen kann eine sehr enge online Zusammenarbeit erreicht werden; aber elbstverst\u00e4ndlich sind unsere Kollegen jederzeit auch per Telefon erreichbar oder k\u00f6nnen on-site erscheinen. Da die verbale Kommunikation ein wichtige Rolle spielt, ist es uns wichtig, dass unsere Mitarbeiter neben Englisch auch Deutsch sprechen.<\/p>\n\n\n\n<p class=\"has-text-align-justify\">Die Abwicklung der Auftr\u00e4ge verfolgt einen gut eingespielten Weg. Zuerst wird die Konzeption und Spezifikation f\u00fcr die Implementierung ausgearbeitet. Danach kann die eigentliche Entwicklung starten zeitgleich mit dem Aufbau der Testumgebungen. Alle Aktivit\u00e4ten und Projektlieferobjekte werden immer dokumentiert und in einem Versionskontrollsystem abgelegt. Der Projektfortschritt wird laufend \u00fcberwacht; die Entwicklungen werden mit laufend generierten &#8220;nightly builds&#8221; kontrolliert. F\u00fcr die Problembehandlung wird ein Ticketing System eingesetzt, wodurch Fehlerbehebung, Bugfixing und Einbau der neuen Features in die neuen Lieferungen unter strenger Kontrolle geschiet. Die Produkte werden nach erfolgreichen Module-, Assembly- und Integrationstests ausgeliefert.<\/p>\n\n\n\n<p class=\"has-text-align-justify\">Nach der Lieferung startet der Softwarelebenszyklus im Sinne der parallelen Weiterentwicklung, Bugfixing und Betriebs. Selbstverst\u00e4ndlich stehen wir auch f\u00fcr diese Aufgaben gerne f\u00fcr unsere Kunden zur Verf\u00fcgung.<\/p>\n\n\n\n<h2 class=\"wp-block-heading\">Qualit\u00e4tsicherung, Service- und Applikationsmanagement<\/h2>\n\n\n\n<p class=\"has-text-align-justify\">Die Prozesse und Lieferobjekte k\u00f6nnen nur dann auf einem hohen Niveau geliefert werden, wenn die Methoden und Rahmenbedingungen definiert sind und bereit stehen. Dementsprechend wurden bei uns auch in den Firmenprozessen Qualit\u00e4tskriterien und Qualit\u00e4tsmanagement definiert und eingef\u00fchrt. Gerne teilen wir diese Erfahrungen mit unseren Kunden. Insbesondere k\u00f6nnen wir unsere ausgereiften L\u00f6sungen im ICT Bereich f\u00fcr HW\/SW\/Applikationsmanagement, Qualit\u00e4tssicherung und Monitoring empfehlen.<\/p>\n<\/div>\n<\/div>\n\n\n\n<p><\/p>\n","protected":false},"excerpt":{"rendered":"<p>Die Fa. V-Comp GmbH wurde 1993 mit dem Zweck gegr\u00fcndet, Informatik Dienstleistungen zu erbringen. ICT Beratung Unsere Kompetenz umfasst eine sehr breite Palette. Angefangen von Business Analyse \u00fcber Feasibility Study bis Architekturplanung, Implementierung und Projektmanagement k\u00f6nnen wir unsere Kunden in der Welt der ICT unterst\u00fctzen. Projektmanagement Die Auftraggeber m\u00fcssen &#8220;nur&#8221; die Projektentscheidung f\u00e4llen und wir &hellip; <a href=\"https:\/\/v-comp.hu.webhost.v-comp.ch\/?page_id=341&#038;lang=de\" class=\"more-link\">Continue reading<span class=\"screen-reader-text\"> &#8220;Firmenprofil&#8221;<\/span><\/a><\/p>\n","protected":false},"author":1,"featured_media":0,"parent":0,"menu_order":0,"comment_status":"closed","ping_status":"closed","template":"","meta":{"_editorskit_title_hidden":false,"_editorskit_reading_time":0,"_editorskit_is_block_options_detached":false,"_editorskit_block_options_position":"{}","footnotes":""},"class_list":["post-341","page","type-page","status-publish","hentry"],"_links":{"self":[{"href":"https:\/\/v-comp.hu.webhost.v-comp.ch\/index.php?rest_route=\/wp\/v2\/pages\/341","targetHints":{"allow":["GET"]}}],"collection":[{"href":"https:\/\/v-comp.hu.webhost.v-comp.ch\/index.php?rest_route=\/wp\/v2\/pages"}],"about":[{"href":"https:\/\/v-comp.hu.webhost.v-comp.ch\/index.php?rest_route=\/wp\/v2\/types\/page"}],"author":[{"embeddable":true,"href":"https:\/\/v-comp.hu.webhost.v-comp.ch\/index.php?rest_route=\/wp\/v2\/users\/1"}],"replies":[{"embeddable":true,"href":"https:\/\/v-comp.hu.webhost.v-comp.ch\/index.php?rest_route=%2Fwp%2Fv2%2Fcomments&post=341"}],"version-history":[{"count":3,"href":"https:\/\/v-comp.hu.webhost.v-comp.ch\/index.php?rest_route=\/wp\/v2\/pages\/341\/revisions"}],"predecessor-version":[{"id":780,"href":"https:\/\/v-comp.hu.webhost.v-comp.ch\/index.php?rest_route=\/wp\/v2\/pages\/341\/revisions\/780"}],"wp:attachment":[{"href":"https:\/\/v-comp.hu.webhost.v-comp.ch\/index.php?rest_route=%2Fwp%2Fv2%2Fmedia&parent=341"}],"curies":[{"name":"wp","href":"https:\/\/api.w.org\/{rel}","templated":true}]}}